{"id":32,"date":"2024-08-25T11:17:33","date_gmt":"2024-08-25T04:17:33","guid":{"rendered":"https:\/\/a-sparkvn.com\/?page_id=32"},"modified":"2025-10-08T18:51:28","modified_gmt":"2025-10-08T11:51:28","slug":"contact","status":"publish","type":"page","link":"https:\/\/a-sparkvn.com\/en\/contact\/","title":{"rendered":"Contact"},"content":{"rendered":"<section class=\"section\" id=\"section_249796976\">\n\t\t<div class=\"section-bg fill\" >\n\t\t\t\t\t\t\t\t\t\n\t\t\t\n\n\t\t<\/div>\n\n\t\t\n\n\t\t<div class=\"section-content relative\">\n\t\t\t\n<div class=\"slider-wrapper relative slider-dot-left\" id=\"slider-823234578\" >\n    <div class=\"slider slider-nav-dots-dashes-spaced slider-nav-circle slider-nav-large slider-nav-light slider-style-normal\"\n        data-flickity-options='{            \"cellAlign\": \"center\",            \"imagesLoaded\": true,            \"lazyLoad\": 1,            \"freeScroll\": false,            \"wrapAround\": true,            \"autoPlay\": 6000,            \"pauseAutoPlayOnHover\" : true,            \"prevNextButtons\": true,            \"contain\" : true,            \"adaptiveHeight\" : true,            \"dragThreshold\" : 10,            \"percentPosition\": true,            \"pageDots\": true,            \"rightToLeft\": false,            \"draggable\": true,            \"selectedAttraction\": 0.1,            \"parallax\" : 0,            \"friction\": 0.6        }'\n        >\n        \n\n  <div class=\"banner has-hover\" id=\"banner-1218092351\">\n          <div class=\"banner-inner fill\">\n        <div class=\"banner-bg fill\" >\n            <img loading=\"lazy\" decoding=\"async\" width=\"1020\" height=\"678\" src=\"https:\/\/a-sparkvn.com\/wp-content\/uploads\/2025\/09\/711e17b8906f9930aa940005ddc771d921a5fbac-1-1024x681.jpg\" class=\"bg attachment-large size-large\" alt=\"\" \/>                                    \n                    <\/div>\n\t\t\n        <div class=\"banner-layers container\">\n            <div class=\"fill banner-link\"><\/div>            \n   <div id=\"text-box-700434362\" class=\"text-box banner-layer x50 md-x50 lg-x50 y50 md-y50 lg-y50 res-text\">\n                                <div class=\"text-box-content text dark\">\n              \n              <div class=\"text-inner text-left\">\n                  \n\t<div id=\"text-2796552971\" class=\"text\">\n\t\t\n<h2 class=\"text-40 mb-0 uppercase text-shadow\">Custom<br \/>Manufacturing<br \/>\nSOLUTIONS<br \/>\n<\/h2>\n\t\t\n<style>\n#text-2796552971 {\n  text-align: left;\n}\n<\/style>\n\t<\/div>\n\t\n\t<div id=\"text-1936755379\" class=\"text mt-20\">\n\t\t\n<ul>\n<li>Custom manufacturing service in metal components, plastic injection molding, rubber molding, electrical parts &amp; Assemblies<\/li>\n<li>Connect customers to Quality Manufacturing in Asia<\/li>\n<li>Industries served: Automotive, Industrial, Lighting, Oil &amp; Gas, Plumping<\/li>\n<\/ul>\n\t\t\n<style>\n#text-1936755379 {\n  text-align: left;\n}\n<\/style>\n\t<\/div>\n\t\n<a class=\"button primary\"  >\n\t\t<span>Request a Quote<\/span>\n\t<\/a>\n\n              <\/div>\n           <\/div>\n                            \n<style>\n#text-box-700434362 .text-inner {\n  padding: 0px 15px 0px 15px;\n}\n#text-box-700434362 {\n  width: 100%;\n}\n#text-box-700434362 .text-box-content {\n  font-size: 100%;\n}\n<\/style>\n    <\/div>\n \n        <\/div>\n      <\/div>\n\n            \n<style>\n#banner-1218092351 {\n  padding-top: 110%;\n}\n@media (min-width:550px) {\n  #banner-1218092351 {\n    padding-top: 38%;\n  }\n}\n<\/style>\n  <\/div>\n\n\n\n  <div class=\"banner has-hover\" id=\"banner-445738649\">\n          <div class=\"banner-inner fill\">\n        <div class=\"banner-bg fill\" >\n            <img loading=\"lazy\" decoding=\"async\" width=\"1020\" height=\"517\" src=\"https:\/\/a-sparkvn.com\/wp-content\/uploads\/2025\/09\/Rectangle-565-1-1024x519.png\" class=\"bg attachment-large size-large\" alt=\"\" \/>                                    \n                    <\/div>\n\t\t\n        <div class=\"banner-layers container\">\n            <div class=\"fill banner-link\"><\/div>            \n   <div id=\"text-box-1535029209\" class=\"text-box banner-layer x50 md-x50 lg-x50 y50 md-y50 lg-y50 res-text\">\n                                <div class=\"text-box-content text dark\">\n              \n              <div class=\"text-inner text-left\">\n                  \n\t<div id=\"text-814177638\" class=\"text\">\n\t\t\n<h2 class=\"text-40 mb-0 uppercase text-shadow\">A-SPARK Manufacturing <\/p>\n<p> Precision, Reliability, Local Expertise<\/h2>\n\t\t\n<style>\n#text-814177638 {\n  text-align: left;\n}\n<\/style>\n\t<\/div>\n\t\n\t<div id=\"text-3976115124\" class=\"text mt-20\">\n\t\t\n<p>Our focus is to create opportunities for our customers by providing truly significant products and services that can grow their business<\/p>\n\t\t\n<style>\n#text-3976115124 {\n  text-align: left;\n}\n<\/style>\n\t<\/div>\n\t\n<a class=\"button primary\"  >\n\t\t<span>Request a Quote<\/span>\n\t<\/a>\n\n              <\/div>\n           <\/div>\n                            \n<style>\n#text-box-1535029209 .text-inner {\n  padding: 0px 15px 0px 15px;\n}\n#text-box-1535029209 {\n  width: 100%;\n}\n#text-box-1535029209 .text-box-content {\n  font-size: 100%;\n}\n<\/style>\n    <\/div>\n \n        <\/div>\n      <\/div>\n\n            \n<style>\n#banner-445738649 {\n  padding-top: 110%;\n}\n@media (min-width:550px) {\n  #banner-445738649 {\n    padding-top: 38%;\n  }\n}\n<\/style>\n  <\/div>\n\n\n     <\/div>\n\n     <div class=\"loading-spin dark large centered\"><\/div>\n\n\t<\/div>\n\n\n\t\t<\/div>\n\n\t\t\n<style>\n#section_249796976 {\n  padding-top: 0px;\n  padding-bottom: 0px;\n}\n<\/style>\n\t<\/section>\n\t\n\n\t<section class=\"section\" id=\"section_77396862\">\n\t\t<div class=\"section-bg fill\" >\n\t\t\t\t\t\t\t\t\t\n\t\t\t\n\n\t\t<\/div>\n\n\t\t\n\n\t\t<div class=\"section-content relative\">\n\t\t\t\n\t<div id=\"gap-708587760\" class=\"gap-element clearfix\" style=\"display:block; height:auto;\">\n\t\t\n<style>\n#gap-708587760 {\n  padding-top: 20px;\n}\n<\/style>\n\t<\/div>\n\t\n<div class=\"row\"  id=\"row-1694995895\">\n\n\t<div id=\"col-1633648196\" class=\"col pb-0 small-12 large-12\"  >\n\t\t\t\t<div class=\"col-inner\"  >\n\t\t\t\n\t\t\t\n\n<nav class=\"breadcrumb-wrapper\"><a href=\"https:\/\/a-sparkvn.com\/en\">Home<\/a><\/nav>\n\n\t\t<\/div>\n\t\t\t\t\t<\/div>\n\n\t\n<\/div>\n\t<div id=\"gap-413745618\" class=\"gap-element clearfix\" style=\"display:block; height:auto;\">\n\t\t\n<style>\n#gap-413745618 {\n  padding-top: 20px;\n}\n<\/style>\n\t<\/div>\n\t\n\t\t<\/div>\n\n\t\t\n<style>\n#section_77396862 {\n  padding-top: 0px;\n  padding-bottom: 0px;\n  background-color: rgb(245, 245, 245);\n}\n<\/style>\n\t<\/section>\n\t\n\n\t<section class=\"section\" id=\"section_1535353432\">\n\t\t<div class=\"section-bg fill\" >\n\t\t\t\t\t\t\t\t\t\n\t\t\t\n\n\t\t<\/div>\n\n\t\t\n\n\t\t<div class=\"section-content relative\">\n\t\t\t\n\n\t<div id=\"gap-1077917025\" class=\"gap-element clearfix\" style=\"display:block; height:auto;\">\n\t\t\n<style>\n#gap-1077917025 {\n  padding-top: 30px;\n}\n@media (min-width:550px) {\n  #gap-1077917025 {\n    padding-top: 6%;\n  }\n}\n<\/style>\n\t<\/div>\n\t\n\n<div class=\"row align-bottom\"  id=\"row-2040941239\">\n\n\n\t<div id=\"col-368762419\" class=\"col pb-0 medium-7 small-12 large-7\"  >\n\t\t\t\t<div class=\"col-inner\"  >\n\t\t\t\n\t\t\t\n\n\t<div id=\"text-4021406231\" class=\"text ttl-sub\">\n\t\t\n\n<p class=\"mb-0 text-20 uppercase\">our domestic offices<\/p>\n\t\t\t<\/div>\n\t\n\t<div id=\"gap-951021572\" class=\"gap-element clearfix\" style=\"display:block; height:auto;\">\n\t\t\n<style>\n#gap-951021572 {\n  padding-top: 7%;\n}\n<\/style>\n\t<\/div>\n\t\n\n\t<div id=\"text-2287957320\" class=\"text\">\n\t\t\n\n<h2 class=\"text-40 uppercase mb-0\">Delivering Precision and Efficiency in Every Service<\/h2>\n\t\t\n<style>\n#text-2287957320 {\n  color: #101c5e;\n}\n#text-2287957320 > * {\n  color: #101c5e;\n}\n<\/style>\n\t<\/div>\n\t\n\t<div id=\"gap-1879787612\" class=\"gap-element clearfix\" style=\"display:block; height:auto;\">\n\t\t\n<style>\n#gap-1879787612 {\n  padding-top: 5%;\n}\n<\/style>\n\t<\/div>\n\t\n\n<div class=\"accordion\">\n\n\t<div id=\"accordion-1305041989\" class=\"accordion-item\">\n\t\t<a id=\"accordion-1305041989-label\" class=\"accordion-title plain active\" href=\"#accordion-item-h\u00e0-n\u1ed9i---v\u0103n-ph\u00f2ng-\u0111\u1ea1i-di\u1ec7n\" aria-expanded=\"true\" aria-controls=\"accordion-1305041989-content\" >\n\t\t\t<button class=\"toggle\" aria-label=\"Toggle\"><i class=\"icon-angle-down\"><\/i><\/button>\n\t\t\t<span>Hanoi - Representative Office<\/span>\n\t\t<\/a>\n\t\t<div id=\"accordion-1305041989-content\" class=\"accordion-inner\" style=\"display: block;\" aria-labelledby=\"accordion-1305041989-label\" >\n\t\t\t\n\n\t<div id=\"text-3682972584\" class=\"text text-js\">\n\t\t\n\n<p>Lorem ipsum dolor sit amet, consectetuer adipiscing elit, sed diam nonummy nibh euismod tincidunt ut laoreet dolore magna aliquam erat volutpat.<\/p>\n\t\t\t<\/div>\n\t\n\t<div class=\"img has-hover x md-x lg-x y md-y lg-y\" id=\"image_467120639\">\n\t\t\t\t\t\t\t\t<div class=\"img-inner dark\" >\n\t\t\t<img loading=\"lazy\" decoding=\"async\" width=\"1020\" height=\"441\" src=\"https:\/\/a-sparkvn.com\/wp-content\/uploads\/2025\/09\/8564e4209310991.66fd5aaa12edc-1-1024x443.png\" class=\"attachment-large size-large\" alt=\"\" srcset=\"https:\/\/a-sparkvn.com\/wp-content\/uploads\/2025\/09\/8564e4209310991.66fd5aaa12edc-1-1024x443.png 1024w, https:\/\/a-sparkvn.com\/wp-content\/uploads\/2025\/09\/8564e4209310991.66fd5aaa12edc-1-300x130.png 300w, https:\/\/a-sparkvn.com\/wp-content\/uploads\/2025\/09\/8564e4209310991.66fd5aaa12edc-1-768x332.png 768w, https:\/\/a-sparkvn.com\/wp-content\/uploads\/2025\/09\/8564e4209310991.66fd5aaa12edc-1-18x8.png 18w, https:\/\/a-sparkvn.com\/wp-content\/uploads\/2025\/09\/8564e4209310991.66fd5aaa12edc-1.png 1282w\" sizes=\"auto, (max-width: 1020px) 100vw, 1020px\" \/>\t\t\t\t\t\t\n\t\t\t\t\t<\/div>\n\t\t\t\t\t\t\t\t\n<style>\n#image_467120639 {\n  width: 100%;\n}\n<\/style>\n\t<\/div>\n\t\n\n\n\t\t<\/div>\n\t<\/div>\n\t\n\t<div id=\"accordion-3503540269\" class=\"accordion-item\">\n\t\t<a id=\"accordion-3503540269-label\" class=\"accordion-title plain\" href=\"#accordion-item-h\u1ed3-ch\u00ed-minh---v\u0103n-ph\u00f2ng-\u0111\u1ea1i-di\u1ec7n\" aria-expanded=\"false\" aria-controls=\"accordion-3503540269-content\" >\n\t\t\t<button class=\"toggle\" aria-label=\"Toggle\"><i class=\"icon-angle-down\"><\/i><\/button>\n\t\t\t<span>Ho Chi Minh - Representative Office<\/span>\n\t\t<\/a>\n\t\t<div id=\"accordion-3503540269-content\" class=\"accordion-inner\" aria-labelledby=\"accordion-3503540269-label\" >\n\t\t\t\n\n\t<div id=\"text-3958356551\" class=\"text text-js\">\n\t\t\n\n<p>Lorem ipsum dolor sit amet, consectetuer adipiscing elit, sed diam nonummy nibh euismod tincidunt ut laoreet dolore magna aliquam erat volutpat.<\/p>\n\t\t\t<\/div>\n\t\n\t<div class=\"img has-hover x md-x lg-x y md-y lg-y\" id=\"image_1376778282\">\n\t\t\t\t\t\t\t\t<div class=\"img-inner dark\" >\n\t\t\t<img loading=\"lazy\" decoding=\"async\" width=\"1020\" height=\"441\" src=\"https:\/\/a-sparkvn.com\/wp-content\/uploads\/2025\/09\/8564e4209310991.66fd5aaa12edc-1-1024x443.png\" class=\"attachment-large size-large\" alt=\"\" srcset=\"https:\/\/a-sparkvn.com\/wp-content\/uploads\/2025\/09\/8564e4209310991.66fd5aaa12edc-1-1024x443.png 1024w, https:\/\/a-sparkvn.com\/wp-content\/uploads\/2025\/09\/8564e4209310991.66fd5aaa12edc-1-300x130.png 300w, https:\/\/a-sparkvn.com\/wp-content\/uploads\/2025\/09\/8564e4209310991.66fd5aaa12edc-1-768x332.png 768w, https:\/\/a-sparkvn.com\/wp-content\/uploads\/2025\/09\/8564e4209310991.66fd5aaa12edc-1-18x8.png 18w, https:\/\/a-sparkvn.com\/wp-content\/uploads\/2025\/09\/8564e4209310991.66fd5aaa12edc-1.png 1282w\" sizes=\"auto, (max-width: 1020px) 100vw, 1020px\" \/>\t\t\t\t\t\t\n\t\t\t\t\t<\/div>\n\t\t\t\t\t\t\t\t\n<style>\n#image_1376778282 {\n  width: 100%;\n}\n<\/style>\n\t<\/div>\n\t\n\n\n\t\t<\/div>\n\t<\/div>\n\t\n\t<div id=\"accordion-3226980724\" class=\"accordion-item\">\n\t\t<a id=\"accordion-3226980724-label\" class=\"accordion-title plain\" href=\"#accordion-item-b\u1eafc-ninh---v\u0103n-ph\u00f2ng-\u0111\u1ea1i-di\u1ec7n\" aria-expanded=\"false\" aria-controls=\"accordion-3226980724-content\" >\n\t\t\t<button class=\"toggle\" aria-label=\"Toggle\"><i class=\"icon-angle-down\"><\/i><\/button>\n\t\t\t<span>Bac Ninh - Representative Office<\/span>\n\t\t<\/a>\n\t\t<div id=\"accordion-3226980724-content\" class=\"accordion-inner\" aria-labelledby=\"accordion-3226980724-label\" >\n\t\t\t\n\n\t<div id=\"text-2598485176\" class=\"text text-js\">\n\t\t\n\n<p>Lorem ipsum dolor sit amet, consectetuer adipiscing elit, sed diam nonummy nibh euismod tincidunt ut laoreet dolore magna aliquam erat volutpat.<\/p>\n\t\t\t<\/div>\n\t\n\t<div class=\"img has-hover x md-x lg-x y md-y lg-y\" id=\"image_20821175\">\n\t\t\t\t\t\t\t\t<div class=\"img-inner dark\" >\n\t\t\t<img loading=\"lazy\" decoding=\"async\" width=\"1020\" height=\"441\" src=\"https:\/\/a-sparkvn.com\/wp-content\/uploads\/2025\/09\/8564e4209310991.66fd5aaa12edc-1-1024x443.png\" class=\"attachment-large size-large\" alt=\"\" srcset=\"https:\/\/a-sparkvn.com\/wp-content\/uploads\/2025\/09\/8564e4209310991.66fd5aaa12edc-1-1024x443.png 1024w, https:\/\/a-sparkvn.com\/wp-content\/uploads\/2025\/09\/8564e4209310991.66fd5aaa12edc-1-300x130.png 300w, https:\/\/a-sparkvn.com\/wp-content\/uploads\/2025\/09\/8564e4209310991.66fd5aaa12edc-1-768x332.png 768w, https:\/\/a-sparkvn.com\/wp-content\/uploads\/2025\/09\/8564e4209310991.66fd5aaa12edc-1-18x8.png 18w, https:\/\/a-sparkvn.com\/wp-content\/uploads\/2025\/09\/8564e4209310991.66fd5aaa12edc-1.png 1282w\" sizes=\"auto, (max-width: 1020px) 100vw, 1020px\" \/>\t\t\t\t\t\t\n\t\t\t\t\t<\/div>\n\t\t\t\t\t\t\t\t\n<style>\n#image_20821175 {\n  width: 100%;\n}\n<\/style>\n\t<\/div>\n\t\n\n\n\t\t<\/div>\n\t<\/div>\n\t\n\n<\/div>\n\n\t\t<\/div>\n\t\t\t\t\t<\/div>\n\n\t\n\n\t<div id=\"col-1185529532\" class=\"col pb-0 medium-5 small-12 large-5\"  >\n\t\t\t\t<div class=\"col-inner\"  >\n\t\t\t\n\t\t\t\n\n\t<div class=\"img has-hover mb-0 x md-x lg-x y md-y lg-y\" id=\"image_341862225\">\n\t\t\t\t\t\t\t\t<div class=\"img-inner dark\" >\n\t\t\t<img loading=\"lazy\" decoding=\"async\" width=\"640\" height=\"1024\" src=\"https:\/\/a-sparkvn.com\/wp-content\/uploads\/2025\/09\/Group-1731-640x1024.png\" class=\"attachment-large size-large\" alt=\"\" srcset=\"https:\/\/a-sparkvn.com\/wp-content\/uploads\/2025\/09\/Group-1731-640x1024.png 640w, https:\/\/a-sparkvn.com\/wp-content\/uploads\/2025\/09\/Group-1731-188x300.png 188w, https:\/\/a-sparkvn.com\/wp-content\/uploads\/2025\/09\/Group-1731-8x12.png 8w, https:\/\/a-sparkvn.com\/wp-content\/uploads\/2025\/09\/Group-1731.png 735w\" sizes=\"auto, (max-width: 640px) 100vw, 640px\" \/>\t\t\t\t\t\t\n\t\t\t\t\t<\/div>\n\t\t\t\t\t\t\t\t\n<style>\n#image_341862225 {\n  width: 100%;\n}\n<\/style>\n\t<\/div>\n\t\n\n\n\t\t<\/div>\n\t\t\t\t\t<\/div>\n\n\t\n\n<\/div>\n\t<div id=\"gap-771590935\" class=\"gap-element clearfix\" style=\"display:block; height:auto;\">\n\t\t\n<style>\n#gap-771590935 {\n  padding-top: 30px;\n}\n@media (min-width:550px) {\n  #gap-771590935 {\n    padding-top: 6%;\n  }\n}\n<\/style>\n\t<\/div>\n\t\n\n\n\t\t<\/div>\n\n\t\t\n<style>\n#section_1535353432 {\n  padding-top: 0px;\n  padding-bottom: 0px;\n}\n<\/style>\n\t<\/section>\n\t\n\n<p class=\"mb-0\"><iframe loading=\"lazy\" class=\"mb-0\" style=\"border: 0;\" src=\"https:\/\/www.google.com\/maps\/embed?pb=!1m18!1m12!1m3!1d3720.9846919619986!2d106.11141507471774!3d21.153007483500613!2m3!1f0!2f0!3f0!3m2!1i1024!2i768!4f13.1!3m3!1m2!1s0x31350b77aaaaaaab%3A0x547d52b40352fef6!2zS2h1IEPDtG5nIE5naGnhu4dwIFF14bq_IFbDtSAx!5e0!3m2!1svi!2s!4v1758430860840!5m2!1svi!2s\" width=\"100%\" height=\"440\" allowfullscreen=\"allowfullscreen\"><\/iframe><\/p>\n\n\n\t<section class=\"section\" id=\"section_1718779213\">\n\t\t<div class=\"section-bg fill\" >\n\t\t\t\t\t\t\t\t\t\n\t\t\t\n\n\t\t<\/div>\n\n\t\t\n\n\t\t<div class=\"section-content relative\">\n\t\t\t\n\n\t<div id=\"gap-103417686\" class=\"gap-element clearfix\" style=\"display:block; height:auto;\">\n\t\t\n<style>\n#gap-103417686 {\n  padding-top: 30px;\n}\n@media (min-width:550px) {\n  #gap-103417686 {\n    padding-top: 6%;\n  }\n}\n<\/style>\n\t<\/div>\n\t\n\n<div class=\"row align-equal gap-y-24\"  id=\"row-567690066\">\n\n\n\t<div id=\"col-1671920207\" class=\"col pb-0 medium-6 small-12 large-6\"  >\n\t\t\t\t<div class=\"col-inner\"  >\n\t\t\t\n\t\t\t\n\n\t<div id=\"text-3047309583\" class=\"text\">\n\t\t\n\n<h2 class=\"text-40 mb-0\">Your Specs, Our Expertise<br \/>Request a Quote Now!<\/h2>\n\t\t\n<style>\n#text-3047309583 {\n  color: #101c5e;\n}\n#text-3047309583 > * {\n  color: #101c5e;\n}\n<\/style>\n\t<\/div>\n\t\n\t<div id=\"gap-1282593175\" class=\"gap-element clearfix\" style=\"display:block; height:auto;\">\n\t\t\n<style>\n#gap-1282593175 {\n  padding-top: 20px;\n}\n<\/style>\n\t<\/div>\n\t\n\n<p class=\"mb-0\">Partner with A-SPARK for tailored manufacturing solutions that drive quality, efficiency, and growth.<\/p>\n\t<div id=\"gap-596589268\" class=\"gap-element clearfix\" style=\"display:block; height:auto;\">\n\t\t\n<style>\n#gap-596589268 {\n  padding-top: 20px;\n}\n<\/style>\n\t<\/div>\n\t\n\n\t<div class=\"ux-menu stack stack-col justify-start\">\n\t\t\n\n\t<div class=\"ux-menu-link flex menu-item\">\n\t\t<a class=\"ux-menu-link__link flex\" href=\"https:\/\/a-sparkvn.com\/en\/\" >\n\t\t\t<i class=\"ux-menu-link__icon text-center icon-phone\" ><\/i>\t\t\t<span class=\"ux-menu-link__text\">\n\t\t\t\t+8435 468 5699\t\t\t<\/span>\n\t\t<\/a>\n\t<\/div>\n\t\n\n\t<div class=\"ux-menu-link flex menu-item\">\n\t\t<a class=\"ux-menu-link__link flex\" href=\"https:\/\/a-sparkvn.com\/en\/\" >\n\t\t\t<i class=\"ux-menu-link__icon text-center icon-envelop\" ><\/i>\t\t\t<span class=\"ux-menu-link__text\">\n\t\t\t\tsales@a-sparkvn.com\t\t\t<\/span>\n\t\t<\/a>\n\t<\/div>\n\t\n\n\t<div class=\"ux-menu-link flex menu-item\">\n\t\t<a class=\"ux-menu-link__link flex\" href=\"https:\/\/a-sparkvn.com\/en\/\" >\n\t\t\t<i class=\"ux-menu-link__icon text-center icon-map-pin-fill\" ><\/i>\t\t\t<span class=\"ux-menu-link__text\">\n\t\t\t\tQue Vo Industrial Zone 1, Van Duong, Bac Ninh city, Bac Ninh Province\t\t\t<\/span>\n\t\t<\/a>\n\t<\/div>\n\t\n\n\n\t<\/div>\n\t\n\t<div id=\"gap-834123822\" class=\"gap-element clearfix\" style=\"display:block; height:auto;\">\n\t\t\n<style>\n#gap-834123822 {\n  padding-top: 20px;\n}\n<\/style>\n\t<\/div>\n\t\n\n\n\n<p class=\"mb-0\"><iframe class=\"mb-0 block\" src=\"https:\/\/www.google.com\/maps\/embed?pb=!1m18!1m12!1m3!1d3720.9846919619986!2d106.11141507471774!3d21.153007483500613!2m3!1f0!2f0!3f0!3m2!1i1024!2i768!4f13.1!3m3!1m2!1s0x31350b77aaaaaaab%3A0x547d52b40352fef6!2zS2h1IEPDtG5nIE5naGnhu4dwIFF14bq_IFbDtSAx!5e0!3m2!1svi!2s!4v1758381485905!5m2!1svi!2s\" width=\"100%\" height=\"235\" style=\"border:0;\" allowfullscreen=\"\" loading=\"lazy\" referrerpolicy=\"no-referrer-when-downgrade\"><\/iframe><\/p>\n\n\n\t\t<\/div>\n\t\t\t\t\t<\/div>\n\n\t\n\n\t<div id=\"col-1843560300\" class=\"col pb-0 form-contact medium-6 small-12 large-6\"  >\n\t\t\t\t<div class=\"col-inner\" style=\"background-color:rgb(246, 246, 246);\" >\n\t\t\t\n\t\t\t\n\n<h3 class=\"text-20\">Request a Quote<\/h3>\n\n<div class=\"wpcf7 no-js\" id=\"wpcf7-f4-o1\" lang=\"en-US\" dir=\"ltr\">\n<div class=\"screen-reader-response\"><p role=\"status\" aria-live=\"polite\" aria-atomic=\"true\"><\/p> <ul><\/ul><\/div>\n<form action=\"\/en\/wp-json\/wp\/v2\/pages\/32#wpcf7-f4-o1\" method=\"post\" class=\"wpcf7-form init\" aria-label=\"Contact form\" enctype=\"multipart\/form-data\" novalidate=\"novalidate\" data-status=\"init\" data-trp-original-action=\"\/en\/wp-json\/wp\/v2\/pages\/32#wpcf7-f4-o1\">\n<div style=\"display: none;\">\n<input type=\"hidden\" name=\"_wpcf7\" value=\"4\" \/>\n<input type=\"hidden\" name=\"_wpcf7_version\" value=\"5.9.4\" \/>\n<input type=\"hidden\" name=\"_wpcf7_locale\" value=\"en_US\" \/>\n<input type=\"hidden\" name=\"_wpcf7_unit_tag\" value=\"wpcf7-f4-o1\" \/>\n<input type=\"hidden\" name=\"_wpcf7_container_post\" value=\"0\" \/>\n<input type=\"hidden\" name=\"_wpcf7_posted_data_hash\" value=\"\" \/>\n<\/div>\n<div class=\"row form-flat medium-flex-wrap\">\n\t<div class=\"col pb-0 medium-12 small-12\">\n\t\t<div class=\"col-inner\">\n\t\t\t<p><span class=\"wpcf7-form-control-wrap\" data-name=\"text-306\"><input size=\"40\" class=\"wpcf7-form-control wpcf7-text wpcf7-validates-as-required\" aria-required=\"true\" aria-invalid=\"false\" placeholder=\"Name\" value=\"\" type=\"text\" name=\"text-306\" \/><\/span>\n\t\t\t<\/p>\n\t\t<\/div>\n\t<\/div>\n\t<div class=\"col pb-0 medium-6 small-12\">\n\t\t<div class=\"col-inner\">\n\t\t\t<p><span class=\"wpcf7-form-control-wrap\" data-name=\"your-email\"><input size=\"40\" class=\"wpcf7-form-control wpcf7-email wpcf7-validates-as-required wpcf7-text wpcf7-validates-as-email\" aria-required=\"true\" aria-invalid=\"false\" placeholder=\"Your Email (required)\" value=\"\" type=\"email\" name=\"your-email\" \/><\/span>\n\t\t\t<\/p>\n\t\t<\/div>\n\t<\/div>\n\t<div class=\"col pb-0 medium-6 small-12\">\n\t\t<div class=\"col-inner\">\n\t\t\t<p><span class=\"wpcf7-form-control-wrap\" data-name=\"tel-590\"><input size=\"40\" class=\"wpcf7-form-control wpcf7-tel wpcf7-validates-as-required wpcf7-text wpcf7-validates-as-tel\" aria-required=\"true\" aria-invalid=\"false\" placeholder=\"Phone\" value=\"\" type=\"tel\" name=\"tel-590\" \/><\/span>\n\t\t\t<\/p>\n\t\t<\/div>\n\t<\/div>\n\t<div class=\"col pb-0 medium-12 small-12\">\n\t\t<div class=\"col-inner\">\n\t\t\t<p><span class=\"wpcf7-form-control-wrap\" data-name=\"text-307\"><input size=\"40\" class=\"wpcf7-form-control wpcf7-text wpcf7-validates-as-required\" aria-required=\"true\" aria-invalid=\"false\" placeholder=\"Subject\" value=\"\" type=\"text\" name=\"text-307\" \/><\/span>\n\t\t\t<\/p>\n\t\t<\/div>\n\t<\/div>\n\t<div class=\"col pb-0 medium-12 small-12\">\n\t\t<div class=\"col-inner\">\n\t\t\t<p><span class=\"wpcf7-form-control-wrap\" data-name=\"textarea-114\"><textarea cols=\"40\" rows=\"10\" class=\"wpcf7-form-control wpcf7-textarea\" aria-invalid=\"false\" placeholder=\"Message\" name=\"textarea-114\"><\/textarea><\/span>\n\t\t\t<\/p>\n\t\t<\/div>\n\t<\/div>\n\t<div class=\"col pb-0 medium-12 small-12 mt-20\">\n\t\t<div class=\"col-inner\">\n\t\t\t<p>File Upload (.dwg, .dxf, .pdf, .jpg, .png, .slddrw) Size Limit 30MB\n\t\t\t<\/p>\n\t\t<\/div>\n\t<\/div>\n\t<div class=\"col pb-0 medium-12 small-12\">\n\t\t<div class=\"col-inner\">\n\t\t\t<p><label class=\"custom-file-upload\"><span class=\"btn-upload\">Upload<\/span><br \/>\n<span class=\"wpcf7-form-control-wrap\" data-name=\"file-272\"><input size=\"40\" class=\"wpcf7-form-control wpcf7-file wpcf7-validates-as-required custom-upload\" accept=\".dwg,.dxf,.pdf,.,.jpg,.png,.slddrw\" aria-required=\"true\" aria-invalid=\"false\" type=\"file\" name=\"file-272\" \/><\/span><\/label>\n\t\t\t<\/p>\n\t\t<\/div>\n\t<\/div>\n\t<div class=\"col pb-0 medium-12 small-12\">\n\t\t<div class=\"col-inner\">\n\t\t\t<p><input class=\"wpcf7-form-control wpcf7-submit has-spinner\" type=\"submit\" value=\"Submit\" \/>\n\t\t\t<\/p>\n\t\t<\/div>\n\t<\/div>\n<\/div><div class=\"wpcf7-response-output\" aria-hidden=\"true\"><\/div>\n<input type=\"hidden\" name=\"trp-form-language\" value=\"en\"\/><\/form>\n<\/div>\n\n\n\n\t\t<\/div>\n\t\t\t\t\n<style>\n#col-1843560300 > .col-inner {\n  padding: 24px 16px 24px 16px;\n}\n@media (min-width:550px) {\n  #col-1843560300 > .col-inner {\n    padding: 27px 32px 27px 32px;\n  }\n}\n<\/style>\n\t<\/div>\n\n\t\n\n<\/div>\n\t<div id=\"gap-985041291\" class=\"gap-element clearfix\" style=\"display:block; height:auto;\">\n\t\t\n<style>\n#gap-985041291 {\n  padding-top: 30px;\n}\n@media (min-width:550px) {\n  #gap-985041291 {\n    padding-top: 6%;\n  }\n}\n<\/style>\n\t<\/div>\n\t\n\n\n\t\t<\/div>\n\n\t\t\n<style>\n#section_1718779213 {\n  padding-top: 0px;\n  padding-bottom: 0px;\n}\n<\/style>\n\t<\/section>","protected":false},"excerpt":{"rendered":"","protected":false},"author":3,"featured_media":0,"parent":0,"menu_order":0,"comment_status":"closed","ping_status":"closed","template":"page-blank.php","meta":{"_acf_changed":false,"footnotes":""},"class_list":["post-32","page","type-page","status-publish","hentry"],"acf":[],"_links":{"self":[{"href":"https:\/\/a-sparkvn.com\/en\/wp-json\/wp\/v2\/pages\/32","targetHints":{"allow":["GET"]}}],"collection":[{"href":"https:\/\/a-sparkvn.com\/en\/wp-json\/wp\/v2\/pages"}],"about":[{"href":"https:\/\/a-sparkvn.com\/en\/wp-json\/wp\/v2\/types\/page"}],"author":[{"embeddable":true,"href":"https:\/\/a-sparkvn.com\/en\/wp-json\/wp\/v2\/users\/3"}],"replies":[{"embeddable":true,"href":"https:\/\/a-sparkvn.com\/en\/wp-json\/wp\/v2\/comments?post=32"}],"version-history":[{"count":12,"href":"https:\/\/a-sparkvn.com\/en\/wp-json\/wp\/v2\/pages\/32\/revisions"}],"predecessor-version":[{"id":2596,"href":"https:\/\/a-sparkvn.com\/en\/wp-json\/wp\/v2\/pages\/32\/revisions\/2596"}],"wp:attachment":[{"href":"https:\/\/a-sparkvn.com\/en\/wp-json\/wp\/v2\/media?parent=32"}],"curies":[{"name":"wp","href":"https:\/\/api.w.org\/{rel}","templated":true}]}}